{"id":1055,"date":"2024-09-01T23:05:55","date_gmt":"2024-09-01T23:05:55","guid":{"rendered":"https:\/\/www.izmirestetik.com\/sik-sorulan-sorular\/"},"modified":"2024-11-13T23:34:02","modified_gmt":"2024-11-13T23:34:02","slug":"haeufig-gestellte-fragen","status":"publish","type":"page","link":"https:\/\/www.izmirestetik.com\/de\/haeufig-gestellte-fragen\/","title":{"rendered":"H\u00e4ufig Gestellte Fragen"},"content":{"rendered":"[vc_row type=&#8220;full_width_background&#8220; full_screen_row_position=&#8220;middle&#8220; column_margin=&#8220;default&#8220; column_direction=&#8220;default&#8220; column_direction_tablet=&#8220;default&#8220; column_direction_phone=&#8220;default&#8220; scene_position=&#8220;center&#8220; top_padding=&#8220;1%&#8220; left_padding_desktop=&#8220;4%&#8220; constrain_group_2=&#8220;yes&#8220; right_padding_desktop=&#8220;4%&#8220; top_padding_tablet=&#8220;16%&#8220; text_color=&#8220;dark&#8220; text_align=&#8220;left&#8220; row_border_radius=&#8220;none&#8220; row_border_radius_applies=&#8220;bg&#8220; overflow=&#8220;visible&#8220; overlay_strength=&#8220;0.3&#8243; gradient_direction=&#8220;left_to_right&#8220; shape_divider_position=&#8220;bottom&#8220; bg_image_animation=&#8220;none&#8220; gradient_type=&#8220;default&#8220; shape_type=&#8220;&#8220;][vc_column column_padding=&#8220;no-extra-padding&#8220; column_padding_tablet=&#8220;inherit&#8220; column_padding_phone=&#8220;inherit&#8220; column_padding_position=&#8220;all&#8220; column_element_direction_desktop=&#8220;default&#8220; column_element_spacing=&#8220;default&#8220; desktop_text_alignment=&#8220;default&#8220; tablet_text_alignment=&#8220;default&#8220; phone_text_alignment=&#8220;default&#8220; background_color_opacity=&#8220;1&#8243; background_hover_color_opacity=&#8220;1&#8243; column_backdrop_filter=&#8220;none&#8220; column_shadow=&#8220;none&#8220; column_border_radius=&#8220;none&#8220; column_link_target=&#8220;_self&#8220; column_position=&#8220;default&#8220; gradient_direction=&#8220;left_to_right&#8220; overlay_strength=&#8220;0.3&#8243; width=&#8220;1\/1&#8243; tablet_width_inherit=&#8220;default&#8220; animation_type=&#8220;default&#8220; bg_image_animation=&#8220;none&#8220; border_type=&#8220;simple&#8220; column_border_width=&#8220;none&#8220; column_border_style=&#8220;solid&#8220;][vc_row_inner column_margin=&#8220;default&#8220; column_direction=&#8220;default&#8220; column_direction_tablet=&#8220;default&#8220; column_direction_phone=&#8220;default&#8220; bottom_padding=&#8220;4%&#8220; text_align=&#8220;left&#8220; row_position=&#8220;default&#8220; row_position_tablet=&#8220;inherit&#8220; row_position_phone=&#8220;inherit&#8220; overflow=&#8220;visible&#8220; pointer_events=&#8220;all&#8220;][vc_column_inner column_padding=&#8220;no-extra-padding&#8220; column_padding_tablet=&#8220;inherit&#8220; column_padding_phone=&#8220;inherit&#8220; column_padding_position=&#8220;all&#8220; column_element_direction_desktop=&#8220;default&#8220; column_element_spacing=&#8220;default&#8220; centered_text=&#8220;true&#8220; desktop_text_alignment=&#8220;default&#8220; tablet_text_alignment=&#8220;default&#8220; phone_text_alignment=&#8220;default&#8220; background_color_opacity=&#8220;1&#8243; background_hover_color_opacity=&#8220;1&#8243; column_backdrop_filter=&#8220;none&#8220; column_shadow=&#8220;none&#8220; column_border_radius=&#8220;none&#8220; column_link_target=&#8220;_self&#8220; overflow=&#8220;visible&#8220; advanced_gradient_angle=&#8220;0&#8243; gradient_direction=&#8220;left_to_right&#8220; overlay_strength=&#8220;0.3&#8243; width=&#8220;1\/1&#8243; tablet_width_inherit=&#8220;default&#8220; animation_type=&#8220;default&#8220; bg_image_animation=&#8220;none&#8220; border_type=&#8220;simple&#8220; column_border_width=&#8220;none&#8220; column_border_style=&#8220;solid&#8220; gradient_type=&#8220;default&#8220;][nectar_highlighted_text style=&#8220;none&#8220; custom_font_size=&#8220;3vw&#8220; font_size_tablet=&#8220;6vw&#8220; font_line_height=&#8220;1.2&#8243; text_direction=&#8220;default&#8220;]\n<h1 style=\"text-align: center;\">H\u00e4ufig Gestellte Fragen<\/h1>\n[\/nectar_highlighted_text][\/vc_column_inner][\/vc_row_inner][\/vc_column][\/vc_row][vc_row type=&#8220;full_width_content&#8220; full_screen_row_position=&#8220;middle&#8220; column_margin=&#8220;custom&#8220; column_margin_custom=&#8220;1vw&#8220; equal_height=&#8220;yes&#8220; content_placement=&#8220;middle&#8220; column_direction=&#8220;default&#8220; column_direction_tablet=&#8220;default&#8220; column_direction_phone=&#8220;default&#8220; bg_color=&#8220;#f8f8f8&#8243; scene_position=&#8220;center&#8220; top_padding=&#8220;2%&#8220; bottom_padding=&#8220;2%&#8220; left_padding_desktop=&#8220;3vw&#8220; constrain_group_2=&#8220;yes&#8220; right_padding_desktop=&#8220;3vw&#8220; text_color=&#8220;dark&#8220; text_align=&#8220;left&#8220; row_border_radius=&#8220;none&#8220; row_border_radius_applies=&#8220;bg&#8220; overflow=&#8220;visible&#8220; advanced_gradient_angle=&#8220;0&#8243; overlay_strength=&#8220;0.8&#8243; gradient_direction=&#8220;left_to_right&#8220; enable_shape_divider=&#8220;true&#8220; shape_divider_color=&#8220;#000000&#8243; shape_divider_position=&#8220;bottom&#8220; shape_divider_height=&#8220;99%&#8220; bg_image_animation=&#8220;clip-path&#8220; clip_path_animation_type=&#8220;scroll&#8220; clip_path_animation_applies=&#8220;default&#8220; clip_path_start_bottom_desktop=&#8220;0&#8243; clip_path_start_left_desktop=&#8220;0&#8243; clip_path_start_right_desktop=&#8220;0&#8243; clip_path_end_bottom_desktop=&#8220;4%&#8220; clip_path_end_left_desktop=&#8220;4%&#8220; clip_path_end_right_desktop=&#8220;4%&#8220; clip_path_start_roundness=&#8220;0&#8243; clip_path_end_roundness=&#8220;20&#8243; animation_trigger_offset=&#8220;32.00,50.00&#8243; animation_trigger_origin=&#8220;bottom&#8220; shape_type=&#8220;straight_section&#8220; gradient_type=&#8220;default&#8220;][vc_column left_padding_desktop=&#8220;2vw&#8220; column_element_direction_desktop=&#8220;default&#8220; column_element_spacing=&#8220;default&#8220; desktop_text_alignment=&#8220;default&#8220; tablet_text_alignment=&#8220;default&#8220; phone_text_alignment=&#8220;default&#8220; background_color_opacity=&#8220;1&#8243; background_hover_color_opacity=&#8220;1&#8243; column_backdrop_filter=&#8220;none&#8220; column_shadow=&#8220;none&#8220; column_border_radius=&#8220;none&#8220; column_link_target=&#8220;_self&#8220; column_position=&#8220;default&#8220; advanced_gradient_angle=&#8220;0&#8243; gradient_direction=&#8220;left_to_right&#8220; overlay_strength=&#8220;0.3&#8243; width=&#8220;1\/1&#8243; tablet_width_inherit=&#8220;default&#8220; animation_type=&#8220;default&#8220; bg_image_animation=&#8220;none&#8220; border_type=&#8220;simple&#8220; column_border_width=&#8220;none&#8220; column_border_style=&#8220;solid&#8220; column_padding_type=&#8220;advanced&#8220; gradient_type=&#8220;default&#8220;][toggles style=&#8220;minimal_shadow&#8220; accordion=&#8220;true&#8220; accordion_starting_functionality=&#8220;default&#8220; border_radius=&#8220;none&#8220;][toggle color=&#8220;Accent-Color&#8220; heading_tag=&#8220;h3&#8243; heading_tag_functionality=&#8220;default&#8220; title=&#8220;Was ist \u00c4sthetische Plastische Chirurgie?&#8220;][vc_column_text css=&#8220;&#8220; text_direction=&#8220;default&#8220;]Die \u00e4sthetische plastische Chirurgie ist ein spezielles chirurgisches Fachgebiet, das kosmetische Chirurgie mit modernen Techniken kombiniert. Es bietet Ihnen Optionen f\u00fcr Ihre Bed\u00fcrfnisse, gibt Ihnen die notwendigen Informationen und zeigt m\u00f6gliche Ergebnisse der Operationen mithilfe von Computersimulationen.[\/vc_column_text][\/toggle][toggle color=&#8220;Accent-Color&#8220; heading_tag=&#8220;h3&#8243; heading_tag_functionality=&#8220;default&#8220; title=&#8220;Mit wem werde ich beim ersten Besuch sprechen?&#8220;][vc_column_text css=&#8220;&#8220; text_direction=&#8220;default&#8220;]\n<div class=\"flex max-w-full flex-col flex-grow\">\n<div class=\"min-h-8 text-message flex w-full flex-col items-end gap-2 whitespace-normal break-words [.text-message+&amp;]:mt-5\" dir=\"auto\" data-message-author-role=\"assistant\" data-message-id=\"8f81bad4-cd2a-4a54-98d6-efd0beb40eb6\" data-message-model-slug=\"gpt-4o-mini\">\n<div class=\"flex w-full flex-col gap-1 empty:hidden first:pt-[3px]\">\n<div class=\"markdown prose w-full break-words dark:prose-invert dark\">\n<p>Bei Ihrem ersten Besuch werden Sie mit einem Facharzt f\u00fcr \u00e4sthetische plastische Chirurgie sprechen.<\/p>\n<\/div>\n<\/div>\n<\/div>\n<\/div>\n[\/vc_column_text][\/toggle][toggle color=&#8220;Accent-Color&#8220; heading_tag=&#8220;h3&#8243; heading_tag_functionality=&#8220;default&#8220; title=&#8220;Was sollte ich bei meinem ersten Besuch mitbringen?&#8220;][vc_column_text css=&#8220;&#8220; text_direction=&#8220;default&#8220;]Einige Personen finden es hilfreich, ihre Fragen aufgeschrieben mitzubringen. Wichtig ist, dass Sie alle Fragen stellen k\u00f6nnen, die Ihnen auf dem Herzen liegen. Sie k\u00f6nnen uns auch Fotos aus fr\u00fcheren Jahren zeigen, um uns eine Vorstellung von dem gew\u00fcnschten Erscheinungsbild zu geben.[\/vc_column_text][\/toggle][toggle color=&#8220;Accent-Color&#8220; heading_tag=&#8220;h3&#8243; heading_tag_functionality=&#8220;default&#8220; title=&#8220;Was ist, wenn ich nach meiner ersten Untersuchung noch Fragen habe?&#8220;][vc_column_text css=&#8220;&#8220; text_direction=&#8220;default&#8220;]\n<div class=\"flex max-w-full flex-col flex-grow\">\n<div class=\"min-h-8 text-message flex w-full flex-col items-end gap-2 whitespace-normal break-words [.text-message+&amp;]:mt-5\" dir=\"auto\" data-message-author-role=\"assistant\" data-message-id=\"82283096-a368-4cc5-af7e-d1ce30df8dee\" data-message-model-slug=\"gpt-4o-mini\">\n<div class=\"flex w-full flex-col gap-1 empty:hidden first:pt-[3px]\">\n<div class=\"markdown prose w-full break-words dark:prose-invert dark\">\n<p>Wenn Sie noch Fragen haben oder etwas auf dem Herzen liegt, z\u00f6gern Sie nicht, uns f\u00fcr einen weiteren Termin zu kontaktieren.<\/p>\n<\/div>\n<\/div>\n<\/div>\n<\/div>\n[\/vc_column_text][\/toggle][toggle color=&#8220;Accent-Color&#8220; heading_tag=&#8220;h3&#8243; heading_tag_functionality=&#8220;default&#8220; title=&#8220;Wann werde ich die Kosten f\u00fcr die Operation erfahren?&#8220;][vc_column_text css=&#8220;&#8220; text_direction=&#8220;default&#8220;]Nach der Untersuchung werden Sie die Kosten erfahren. Je nach gew\u00e4hltem Eingriff werden die chirurgischen Geb\u00fchren, An\u00e4sthesie, Krankenhaus- und Implantatpreise kombiniert, um den Gesamtpreis festzulegen.[\/vc_column_text][\/toggle][toggle color=&#8220;Accent-Color&#8220; heading_tag=&#8220;h3&#8243; heading_tag_functionality=&#8220;default&#8220; title=&#8220;Was sollte ich bei der Vorbereitung auf die Operation beachten?&#8220;][vc_column_text css=&#8220;&#8220; text_direction=&#8220;default&#8220;]Bei der Vorbereitung auf die Operation gibt es einige wichtige Punkte zu beachten. Zun\u00e4chst sollten Aspirin und nicht-steroidale entz\u00fcndungshemmende Medikamente (wie Aprol, Apranax, Majezik) mindestens eine Woche vor der Operation abgesetzt werden, da diese Medikamente das Blut verd\u00fcnnen und das Risiko von Blutungen und Bluterg\u00fcssen erh\u00f6hen k\u00f6nnen. Zudem sollte auf Alkoholkonsum verzichtet werden, da auch Alkohol das Blut verd\u00fcnnt und zu Blutungen f\u00fchren kann. Sofern nicht anders angegeben, sollte acht Stunden vor der Operation weder gegessen noch getrunken werden. Es ist auch ratsam, jemanden f\u00fcr den Operationstag zu organisieren, der Sie begleitet. Dar\u00fcber hinaus ist es n\u00fctzlich, eine Liste Ihrer Allergien, Medikamente und laufenden Behandlungen mitzunehmen. Vergessen Sie nicht, diese Informationen w\u00e4hrend der Vorbereitung zu teilen.[\/vc_column_text][\/toggle][toggle color=&#8220;Accent-Color&#8220; heading_tag=&#8220;h3&#8243; heading_tag_functionality=&#8220;default&#8220; title=&#8220;Sollte ich meine verschreibungspflichtigen Medikamente vor der Operation einnehmen?&#8220;][vc_column_text css=&#8220;&#8220; text_direction=&#8220;default&#8220;]In der Regel sollten Sie Ihre verschreibungspflichtigen Medikamente auch am Tag der Operation wie gewohnt einnehmen. Es kann jedoch seltene F\u00e4lle geben, in denen bestimmte Medikamente abgesetzt werden m\u00fcssen. Daher ist es ratsam, vor der Operation mit dem An\u00e4sthesisten zu sprechen, um sicherzustellen, welche Medikamente weiterhin eingenommen werden d\u00fcrfen und welche m\u00f6glicherweise pausiert werden m\u00fcssen.[\/vc_column_text][\/toggle][toggle color=&#8220;Accent-Color&#8220; heading_tag=&#8220;h3&#8243; heading_tag_functionality=&#8220;default&#8220; title=&#8220;Was soll ich tun, wenn ich vor meiner Operation eine Hautinfektion habe?&#8220;][vc_column_text css=&#8220;&#8220; text_direction=&#8220;default&#8220;]Wenn Sie eine Hautinfektion im Operationsbereich bemerken, k\u00f6nnen Sie eine antibiotische Salbe verwenden. Sollte die Infektion trotz dieser Behandlung nicht abklingen, kann die Operation verschoben werden. Wenn Sie jedoch eine Virusinfektion wie Herpes (Fieberbl\u00e4schen) haben, sollten Sie den Operationstermin unbedingt verschieben.[\/vc_column_text][\/toggle][toggle color=&#8220;Accent-Color&#8220; heading_tag=&#8220;h3&#8243; heading_tag_functionality=&#8220;default&#8220; title=&#8220;Was soll ich mit meinen Kontaktlinsen machen?&#8220;][vc_column_text css=&#8220;&#8220; text_direction=&#8220;default&#8220;]Vor der Operation sollten Sie aus Sicherheitsgr\u00fcnden unbedingt Ihre Kontaktlinsen entfernen. Au\u00dferdem sollten Sie Ihrem Arzt unbedingt mitteilen, dass Sie Kontaktlinsen tragen.[\/vc_column_text][\/toggle][toggle color=&#8220;Accent-Color&#8220; heading_tag=&#8220;h3&#8243; heading_tag_functionality=&#8220;default&#8220; title=&#8220;Wann kann ich zu normalen Aktivit\u00e4ten zur\u00fcckkehren?&#8220;][vc_column_text css=&#8220;&#8220; text_direction=&#8220;default&#8220;]Die R\u00fcckkehr zu normalen Aktivit\u00e4ten h\u00e4ngt von der Art der durchgef\u00fchrten Operation ab. Nach der Operation und An\u00e4sthesie ben\u00f6tigen Sie eine Erholungszeit. In der Regel wird empfohlen, w\u00e4hrend der ersten zwei Wochen nach der chirurgischen Intervention intensive \u00dcbungen zu vermeiden. Nach Brustoperationen betr\u00e4gt diese Zeit etwa drei Wochen, und in dieser Zeit sollten Aktivit\u00e4ten wie Schwimmen vermieden werden.[\/vc_column_text][\/toggle][toggle color=&#8220;Accent-Color&#8220; heading_tag=&#8220;h3&#8243; heading_tag_functionality=&#8220;default&#8220; title=&#8220;Wann kann ich fliegen?&#8220;][vc_column_text css=&#8220;&#8220; text_direction=&#8220;default&#8220;]Generell sollten lange Fl\u00fcge f\u00fcr etwa einen Monat vermieden werden. Diese Zeit reicht aus, damit sich der Blutgerinnungsmechanismus normalisieren kann und verringert das Risiko einer tiefen Venenthrombose, insbesondere nach Beinoperationen. Bei Eingriffen am Oberk\u00f6rper besteht dieses Risiko nicht. Es ist ratsam, Ihre Reisepl\u00e4ne mit Ihrem Arzt zu besprechen. Wenn ein langer Flug notwendig ist, kann die Einnahme von Aspirin helfen, das Risiko zu verringern.[\/vc_column_text][\/toggle][toggle color=&#8220;Accent-Color&#8220; heading_tag=&#8220;h3&#8243; heading_tag_functionality=&#8220;default&#8220; title=&#8220;Wann kann ich duschen?&#8220;][vc_column_text css=&#8220;&#8220; text_direction=&#8220;default&#8220;]In den meisten F\u00e4llen kann der chirurgische Bereich gewaschen werden, jedoch sollte der Verband nicht nass werden. Daher kann der Bereich um den Verband mit einem Schwamm oder Tuch vorsichtig abgewischt werden. Sie sollten jedoch Ihren Arzt fragen, wann genau Sie duschen k\u00f6nnen.[\/vc_column_text][\/toggle][toggle color=&#8220;Accent-Color&#8220; heading_tag=&#8220;h3&#8243; heading_tag_functionality=&#8220;default&#8220; title=&#8220;Welche Art von An\u00e4sthesie werde ich w\u00e4hrend meiner Operation erhalten?&#8220;][vc_column_text css=&#8220;&#8220; text_direction=&#8220;default&#8220;]\n<ul>\n<li><strong>Allgemeinan\u00e4sthesie:<\/strong> Sie werden vollst\u00e4ndig bewusstlos und schlafen w\u00e4hrend der gesamten Operation.<\/li>\n<li><strong>Regionalan\u00e4sthesie:<\/strong> Ein Teil des K\u00f6rpers wird bet\u00e4ubt, w\u00e4hrend Sie wach bleiben.<\/li>\n<li><strong>Lokalan\u00e4sthesie:<\/strong> Ein kleiner Bereich des K\u00f6rpers wird bet\u00e4ubt.<\/li>\n<li><strong>Sedierung:<\/strong> Eine leichte Schl\u00e4frigkeit wird erzeugt und wird h\u00e4ufig in Kombination mit einer lokalen An\u00e4sthesie angewendet.<\/li>\n<\/ul>\n[\/vc_column_text][\/toggle][\/toggles][\/vc_column][\/vc_row]\n","protected":false},"excerpt":{"rendered":"<p>[vc_row type=&#8220;full_width_background&#8220; full_screen_row_position=&#8220;middle&#8220; column_margin=&#8220;default&#8220; column_direction=&#8220;default&#8220; column_direction_tablet=&#8220;default&#8220; column_direction_phone=&#8220;default&#8220; scene_position=&#8220;center&#8220; top_padding=&#8220;1%&#8220; left_padding_desktop=&#8220;4%&#8220; constrain_group_2=&#8220;yes&#8220; right_padding_desktop=&#8220;4%&#8220; top_padding_tablet=&#8220;16%&#8220; text_color=&#8220;dark&#8220; text_align=&#8220;left&#8220; row_border_radius=&#8220;none&#8220; row_border_radius_applies=&#8220;bg&#8220; overflow=&#8220;visible&#8220; overlay_strength=&#8220;0.3&#8243; gradient_direction=&#8220;left_to_right&#8220; shape_divider_position=&#8220;bottom&#8220; bg_image_animation=&#8220;none&#8220; gradient_type=&#8220;default&#8220; shape_type=&#8220;&#8220;][vc_column column_padding=&#8220;no-extra-padding&#8220; column_padding_tablet=&#8220;inherit&#8220; column_padding_phone=&#8220;inherit&#8220; column_padding_position=&#8220;all&#8220; column_element_direction_desktop=&#8220;default&#8220; column_element_spacing=&#8220;default&#8220;&#8230;<\/p>\n","protected":false},"author":1,"featured_media":0,"parent":0,"menu_order":0,"comment_status":"closed","ping_status":"closed","template":"","meta":{"footnotes":""},"class_list":["post-1055","page","type-page","status-publish"],"_links":{"self":[{"href":"https:\/\/www.izmirestetik.com\/de\/wp-json\/wp\/v2\/pages\/1055","targetHints":{"allow":["GET"]}}],"collection":[{"href":"https:\/\/www.izmirestetik.com\/de\/wp-json\/wp\/v2\/pages"}],"about":[{"href":"https:\/\/www.izmirestetik.com\/de\/wp-json\/wp\/v2\/types\/page"}],"author":[{"embeddable":true,"href":"https:\/\/www.izmirestetik.com\/de\/wp-json\/wp\/v2\/users\/1"}],"replies":[{"embeddable":true,"href":"https:\/\/www.izmirestetik.com\/de\/wp-json\/wp\/v2\/comments?post=1055"}],"version-history":[{"count":4,"href":"https:\/\/www.izmirestetik.com\/de\/wp-json\/wp\/v2\/pages\/1055\/revisions"}],"predecessor-version":[{"id":1192,"href":"https:\/\/www.izmirestetik.com\/de\/wp-json\/wp\/v2\/pages\/1055\/revisions\/1192"}],"wp:attachment":[{"href":"https:\/\/www.izmirestetik.com\/de\/wp-json\/wp\/v2\/media?parent=1055"}],"curies":[{"name":"wp","href":"https:\/\/api.w.org\/{rel}","templated":true}]}}