{"id":1057,"date":"2024-10-01T12:43:07","date_gmt":"2024-10-01T12:43:07","guid":{"rendered":"https:\/\/www.izmirestetik.com\/internet-duyurusu-kisisel-verilerin-korunmasi-hakkinda-bilgilendirme\/"},"modified":"2024-11-13T23:21:52","modified_gmt":"2024-11-13T23:21:52","slug":"internet-announcement-regarding-personal-data-protection","status":"publish","type":"page","link":"https:\/\/www.izmirestetik.com\/de\/internet-announcement-regarding-personal-data-protection\/","title":{"rendered":"Internet Announcement Regarding Personal Data Protection"},"content":{"rendered":"<p><strong>Op. Dr. Tolgahan Alpayd\u0131n<\/strong><br \/>\n<strong>Information zur Verarbeitung personenbezogener Daten<\/strong><\/p>\n<p>Als Klinik von Op. Dr. Tolgahan Alpayd\u0131n legen wir gro\u00dfen Wert auf die Sicherheit Ihrer personenbezogenen Daten.<\/p>\n<p>Alle personenbezogenen Daten, die von unseren Patienten geteilt werden, werden unter Ber\u00fccksichtigung der Patientenprivatsph\u00e4re und unter Ergreifung aller notwendigen technischen und administrativen Ma\u00dfnahmen zum Schutz Ihrer Daten gem\u00e4\u00df den entsprechenden Sicherheitsanforderungen aufbewahrt.<\/p>\n<p>Diese Information zur Verarbeitung personenbezogener Daten erl\u00e4utert unsere Richtlinien zur Verarbeitung und Speicherung Ihrer personenbezogenen Daten sowie wie wir Ihre Daten w\u00e4hrend der von unserer Klinik erbrachten Dienstleistungen sammeln, \u00fcbermitteln, verwenden und sch\u00fctzen.<\/p>\n<h3>1. Von unserer Klinik gesammelte personenbezogene Daten<\/h3>\n<p>Im Rahmen der von uns angebotenen Gesundheitsdienstleistungen sammeln wir verschiedene Informationen von unseren Patienten. Diese Informationen werden stets in \u00dcbereinstimmung mit den in Gesetz Nr. 6698 \u00fcber den Schutz personenbezogener Daten (\u201eKVKK\u201c) festgelegten Grunds\u00e4tzen und Bedingungen verarbeitet. Zu den gesammelten Informationen, die im Rahmen der in Abschnitt 2 erl\u00e4uterten Zwecke verwendet werden k\u00f6nnen, geh\u00f6ren:<\/p>\n<ul>\n<li>Ihr Vor- und Nachname,<\/li>\n<li>Ihre T.C. Identit\u00e4tsdaten, Ihre T.C. Identit\u00e4tsnummer, Reisepassnummer,<\/li>\n<li>Ihr Geburtsort und Geburtsdatum,<\/li>\n<li>Ihr Geschlecht,<\/li>\n<li>Ihre Adresse,<\/li>\n<li>Ihre Telefonnummer,<\/li>\n<li>Ihre E-Mail-Adresse,<\/li>\n<li>Ihre zugewiesene Patientenprotokollnummer,<\/li>\n<li>Zahlungs-, Rechnungs- und finanzielle Informationen,<\/li>\n<li>Ihre private Krankenversicherung und Informationen zur Sozialversicherungsanstalt,<\/li>\n<li>Biometrische Daten im Rahmen von durch die Sozialversicherungsanstalt finanzierten Dienstleistungen,<\/li>\n<li>Allgemeine biometrische und genetische Daten,<\/li>\n<li>Labordaten,<\/li>\n<li>Testergebnisse, Analyseergebnisse,<\/li>\n<li>Untersuchungsergebnisse, Termininformationen,<\/li>\n<li>Check-up-Informationen,<\/li>\n<li>Verschreibungsinformationen und andere Gesundheitsdaten, pers\u00f6nliche Daten bez\u00fcglich des Sexuallebens,<\/li>\n<li>Andere von Ihnen \u00fcber Post, Telefon, Fax, E-Mail oder andere Kan\u00e4le geteilte Daten.<\/li>\n<\/ul>\n<h3>2. Zwecke der Verarbeitung Ihrer personenbezogenen Daten<\/h3>\n<p>Die von uns gesammelten personenbezogenen Daten werden zu verschiedenen Zwecken verarbeitet, die unter anderem die folgenden beinhalten:<\/p>\n<p>a. Erf\u00fcllung unserer gesetzlichen Verpflichtungen gem\u00e4\u00df dem Gesetz Nr. 3359 \u00fcber die Grunds\u00e4tze des Gesundheitsdienstes, der Verordnung \u00fcber die Organisation und Aufgaben des Gesundheitsministeriums und der angeschlossenen Organisationen, der Verordnung \u00fcber private Gesundheitseinrichtungen zur ambulanten Diagnose und Behandlung, der Verordnung \u00fcber die Verarbeitung und den Schutz personenbezogener Gesundheitsdaten und anderer relevanter Vorschriften,<br \/>\nb. Schutz der \u00f6ffentlichen Gesundheit, pr\u00e4ventive Medizin, medizinische Diagnose, Behandlung und Pflegeleistungen, Planung und Verwaltung der Gesundheitsdienste und deren Finanzierung,<br \/>\nc. Bereitstellung von Informationen zu Ihrem Termin, falls Sie einen Termin vereinbart haben,<br \/>\nd. Planung und Verwaltung der internen Abl\u00e4ufe unserer Klinik,<br \/>\ne. Analyse zur Verbesserung unserer Dienstleistungen,<br \/>\nf. Rechnungsstellung,<br \/>\ng. Best\u00e4tigung Ihrer Identit\u00e4t,<br \/>\nh. Best\u00e4tigung Ihrer Beziehung zu Partnerinstitutionen,<br \/>\ni. Beantwortung der Anfragen des Gesundheitsministeriums und anderer \u00f6ffentlicher Institutionen gem\u00e4\u00df den geltenden Vorschriften,<br \/>\nj. Beantwortung von Fragen oder Beschwerden zu unseren Dienstleistungen,<br \/>\nk. Analyse Ihrer Nutzung der Gesundheitsdienste zur Verbesserung der Qualit\u00e4t der angebotenen Leistungen,<br \/>\nl. Einhaltung der internen Politiken und Prinzipien der Klinik,<br \/>\nm. Messung und Steigerung der Patientenzufriedenheit nach Erhalt von Gesundheitsdienstleistungen,<br \/>\nn. Kontaktaufnahme mit Ihnen zur Information \u00fcber unsere Dienstleistungen,<br \/>\no. Bereitstellung von Medikamenten oder medizinischen Ger\u00e4ten und \u00e4hnlichen Zwecken.<\/p>\n<p>Ihre personenbezogenen Daten werden jedoch nicht zu kommerziellen Zwecken verwendet, au\u00dfer f\u00fcr die oben genannten Aktivit\u00e4ten und in den F\u00e4llen, die durch relevante Vorschriften vorgeschrieben sind.<\/p>\n<h3>3. Weitergabe Ihrer personenbezogenen Daten an Dritte<\/h3>\n<p>Gem\u00e4\u00df KVKK und den relevanten Gesundheitsvorschriften gew\u00e4hrleisten wir die notwendigen technischen und administrativen Ma\u00dfnahmen, um den angemessenen Sicherheitsgrad zu erreichen, und \u00fcbermitteln Ihre personenbezogenen Daten in \u00dcbereinstimmung mit den in Abschnitt 2 genannten Zwecken an die nachfolgend genannten Personen und Institutionen:<\/p>\n<ul>\n<li>Institutionen oder Organisationen, die gem\u00e4\u00df den Gesundheitsvorschriften und dem Gesetz Nr. 3359 sowie den entsprechenden Vorschriften die Berechtigung zur Verarbeitung Ihrer Daten haben,<\/li>\n<li>Private Versicherungsunternehmen,<\/li>\n<li>Das Gesundheitsministerium und angeschlossene Untereinrichtungen, Sozialversicherungsanstalt, das Ministerium f\u00fcr Inneres, das Amt f\u00fcr Bev\u00f6lkerung, die Union der Apotheker, Gerichte und alle rechtlichen Beh\u00f6rden,<\/li>\n<li>Unsere Berater, Finanz- und Steuerberater,<\/li>\n<li>Regulierungseinrichtungen und Aufsichtsbeh\u00f6rden,<\/li>\n<li>Unsere Gesch\u00e4ftspartner, mit denen wir zur Entwicklung oder Durchf\u00fchrung der oben genannten Gesundheitsdienstleistungen zusammenarbeiten,<\/li>\n<li>Und andere Dritte, mit denen wir vertraglich zusammenarbeiten, sowohl im Inland als auch international.<\/li>\n<\/ul>\n<h3>4. Methode und rechtliche Grundlage der Datensammlung<\/h3>\n<p>Ihre personenbezogenen Daten werden in m\u00fcndlicher, schriftlicher oder elektronischer Form durch die oben genannten Kan\u00e4le und Methoden gesammelt, um die vertraglichen und gesetzlichen Verpflichtungen unserer Klinik zu erf\u00fcllen.<\/p>\n<p>Die rechtliche Grundlage f\u00fcr die Verarbeitung Ihrer Daten basiert auf folgenden Gr\u00fcnden gem\u00e4\u00df den Artikeln 5 und 6 des KVKK:<\/p>\n<ul>\n<li>Ihre ausdr\u00fcckliche Zustimmung,<\/li>\n<li>Die ausdr\u00fcckliche Vorschrift in den Gesetzen,<\/li>\n<li>Wenn Sie aufgrund praktischer Unm\u00f6glichkeiten nicht in der Lage sind, Ihre Zustimmung zu geben oder wenn Ihr Leben oder Ihre k\u00f6rperliche Unversehrtheit oder die einer anderen Person zum Schutz erforderlich ist,<\/li>\n<li>Die Notwendigkeit der Verarbeitung personenbezogener Daten f\u00fcr die Durchf\u00fchrung eines Vertrages,<\/li>\n<li>Die Erf\u00fcllung gesetzlicher Verpflichtungen,<\/li>\n<li>Daten, die Sie selbst \u00f6ffentlich gemacht haben,<\/li>\n<li>Die Notwendigkeit zur Wahrung eines Rechts,<\/li>\n<li>Die Verarbeitung zu legitimen Interessen, die Ihre Grundrechte und -freiheiten nicht beeintr\u00e4chtigen,<\/li>\n<li>Gesundheits- und Sexualdaten werden nur zum Schutz der \u00f6ffentlichen Gesundheit und zur Durchf\u00fchrung medizinischer Diagnose, Behandlung und Pflege durch berechtigte Institutionen und Personen verarbeitet.<\/li>\n<\/ul>\n<h3>5. Ihre Rechte bez\u00fcglich Ihrer personenbezogenen Daten<\/h3>\n<p>Gem\u00e4\u00df Artikel 11 des KVKK haben Sie folgende Rechte bez\u00fcglich Ihrer personenbezogenen Daten, die von unserer Klinik verarbeitet werden:<\/p>\n<p>a) Zu erfahren, ob Ihre personenbezogenen Daten verarbeitet werden,<br \/>\nb) Informationen \u00fcber die Verarbeitung Ihrer personenbezogenen Daten zu erhalten,<br \/>\nc) Den Zweck der Verarbeitung Ihrer personenbezogenen Daten zu erfahren,<br \/>\nd) Zu erfahren, ob Ihre personenbezogenen Daten an Dritte im In- oder Ausland \u00fcbermittelt wurden,<br \/>\ne) Die Berichtigung falscher oder unvollst\u00e4ndiger Daten zu verlangen,<br \/>\nf) Die L\u00f6schung oder Vernichtung Ihrer Daten zu verlangen, wenn die Gr\u00fcnde f\u00fcr die Verarbeitung entfallen,<br \/>\ng) Sich gegen die negativen Ergebnisse der automatischen Verarbeitung Ihrer Daten zu wehren,<br \/>\nh) Bei unrechtm\u00e4\u00dfiger Verarbeitung Ihrer personenbezogenen Daten Schadenersatz zu verlangen.<\/p>\n<p>Gem\u00e4\u00df Artikel 13 des KVKK k\u00f6nnen Sie Ihre Anfrage schriftlich an uns richten, indem Sie das entsprechende Formular auf unserer Website ausf\u00fcllen und es unterschrieben an unsere Adresse schicken oder per sicherem elektronischen Kanal (z. B. E-Mail) senden.<\/p>\n","protected":false},"excerpt":{"rendered":"<p>Op. Dr. Tolgahan Alpayd\u0131n Information zur Verarbeitung personenbezogener Daten Als Klinik von Op. Dr. Tolgahan Alpayd\u0131n legen wir gro\u00dfen Wert auf die Sicherheit Ihrer personenbezogenen Daten. Alle personenbezogenen Daten, die&#8230;<\/p>\n","protected":false},"author":1,"featured_media":0,"parent":0,"menu_order":0,"comment_status":"closed","ping_status":"closed","template":"","meta":{"footnotes":""},"class_list":["post-1057","page","type-page","status-publish"],"_links":{"self":[{"href":"https:\/\/www.izmirestetik.com\/de\/wp-json\/wp\/v2\/pages\/1057","targetHints":{"allow":["GET"]}}],"collection":[{"href":"https:\/\/www.izmirestetik.com\/de\/wp-json\/wp\/v2\/pages"}],"about":[{"href":"https:\/\/www.izmirestetik.com\/de\/wp-json\/wp\/v2\/types\/page"}],"author":[{"embeddable":true,"href":"https:\/\/www.izmirestetik.com\/de\/wp-json\/wp\/v2\/users\/1"}],"replies":[{"embeddable":true,"href":"https:\/\/www.izmirestetik.com\/de\/wp-json\/wp\/v2\/comments?post=1057"}],"version-history":[{"count":1,"href":"https:\/\/www.izmirestetik.com\/de\/wp-json\/wp\/v2\/pages\/1057\/revisions"}],"predecessor-version":[{"id":1188,"href":"https:\/\/www.izmirestetik.com\/de\/wp-json\/wp\/v2\/pages\/1057\/revisions\/1188"}],"wp:attachment":[{"href":"https:\/\/www.izmirestetik.com\/de\/wp-json\/wp\/v2\/media?parent=1057"}],"curies":[{"name":"wp","href":"https:\/\/api.w.org\/{rel}","templated":true}]}}