{"id":1061,"date":"2024-09-01T23:13:34","date_gmt":"2024-09-01T23:13:34","guid":{"rendered":"https:\/\/www.izmirestetik.com\/hakkimda\/"},"modified":"2024-11-13T08:53:54","modified_gmt":"2024-11-13T08:53:54","slug":"ueber-mich","status":"publish","type":"page","link":"https:\/\/www.izmirestetik.com\/de\/ueber-mich\/","title":{"rendered":"\u00dcber mich"},"content":{"rendered":"[vc_row type=&#8220;full_width_background&#8220; full_screen_row_position=&#8220;middle&#8220; column_margin=&#8220;default&#8220; column_direction=&#8220;default&#8220; column_direction_tablet=&#8220;default&#8220; column_direction_phone=&#8220;default&#8220; bg_color=&#8220;#ffffff&#8220; scene_position=&#8220;center&#8220; top_padding=&#8220;6%&#8220; bottom_padding=&#8220;6%&#8220; text_color=&#8220;dark&#8220; text_align=&#8220;left&#8220; row_border_radius=&#8220;none&#8220; row_border_radius_applies=&#8220;bg&#8220; overflow=&#8220;visible&#8220; overlay_strength=&#8220;0.3&#8243; gradient_direction=&#8220;left_to_right&#8220; shape_divider_position=&#8220;bottom&#8220; bg_image_animation=&#8220;none&#8220; shape_type=&#8220;&#8220;][vc_column column_padding=&#8220;no-extra-padding&#8220; column_padding_tablet=&#8220;inherit&#8220; column_padding_phone=&#8220;inherit&#8220; column_padding_position=&#8220;all&#8220; column_element_direction_desktop=&#8220;default&#8220; column_element_spacing=&#8220;default&#8220; desktop_text_alignment=&#8220;default&#8220; tablet_text_alignment=&#8220;default&#8220; phone_text_alignment=&#8220;default&#8220; background_color_opacity=&#8220;1&#8243; background_hover_color_opacity=&#8220;1&#8243; column_backdrop_filter=&#8220;none&#8220; column_shadow=&#8220;none&#8220; column_border_radius=&#8220;none&#8220; column_link_target=&#8220;_self&#8220; column_position=&#8220;default&#8220; gradient_direction=&#8220;left_to_right&#8220; overlay_strength=&#8220;0.3&#8243; width=&#8220;1\/1&#8243; tablet_width_inherit=&#8220;default&#8220; animation_type=&#8220;default&#8220; bg_image_animation=&#8220;none&#8220; border_type=&#8220;simple&#8220; column_border_width=&#8220;none&#8220; column_border_style=&#8220;solid&#8220;][tabbed_section style=&#8220;vertical_modern&#8220; tab_color=&#8220;Accent-Color&#8220; vs_content_animation=&#8220;fade&#8220; vs_link_animation=&#8220;opacity&#8220; vs_navigation_alignment=&#8220;left&#8220; vs_navigation_width_2=&#8220;25%&#8220; vs_navigation_func=&#8220;default&#8220; vs_navigation_width=&#8220;regular&#8220; vs_navigation_spacing=&#8220;15px&#8220; vs_navigation_mobile_display=&#8220;visible&#8220; vs_tab_spacing=&#8220;5%&#8220;][tab icon_family=&#8220;iconsmind&#8220; title=&#8220;Lebenslauf&#8220; id=&#8220;1731485923914-0&#8243; icon_iconsmind=&#8220;iconsmind-Police-Man&#8220; tab_id=&#8220;1731485923914-7&#8243;][vc_row_inner column_margin=&#8220;default&#8220; column_direction=&#8220;default&#8220; column_direction_tablet=&#8220;default&#8220; column_direction_phone=&#8220;default&#8220; text_align=&#8220;left&#8220; row_position=&#8220;default&#8220; row_position_tablet=&#8220;inherit&#8220; row_position_phone=&#8220;inherit&#8220; overflow=&#8220;visible&#8220; pointer_events=&#8220;all&#8220;][vc_column_inner column_padding=&#8220;no-extra-padding&#8220; column_padding_tablet=&#8220;inherit&#8220; column_padding_phone=&#8220;inherit&#8220; column_padding_position=&#8220;top-bottom&#8220; column_element_direction_desktop=&#8220;default&#8220; column_element_spacing=&#8220;default&#8220; desktop_text_alignment=&#8220;default&#8220; tablet_text_alignment=&#8220;default&#8220; phone_text_alignment=&#8220;default&#8220; background_color_opacity=&#8220;1&#8243; background_hover_color_opacity=&#8220;1&#8243; column_backdrop_filter=&#8220;none&#8220; column_shadow=&#8220;none&#8220; column_border_radius=&#8220;none&#8220; column_link_target=&#8220;_self&#8220; overflow=&#8220;visible&#8220; gradient_direction=&#8220;left_to_right&#8220; overlay_strength=&#8220;0.3&#8243; width=&#8220;1\/2&#8243; tablet_width_inherit=&#8220;default&#8220; animation_type=&#8220;default&#8220; enable_animation=&#8220;true&#8220; animation=&#8220;fade-in-from-bottom&#8220; animation_easing=&#8220;default&#8220; bg_image_animation=&#8220;none&#8220; border_type=&#8220;simple&#8220; column_border_width=&#8220;none&#8220; column_border_style=&#8220;solid&#8220; column_padding_type=&#8220;default&#8220; gradient_type=&#8220;default&#8220;][image_with_animation image_url=&#8220;398&#8243; image_size=&#8220;full&#8220; animation_type=&#8220;entrance&#8220; animation=&#8220;None&#8220; animation_movement_type=&#8220;transform_y&#8220; hover_animation=&#8220;zoom&#8220; alignment=&#8220;&#8220; border_radius=&#8220;none&#8220; box_shadow=&#8220;large_depth&#8220; image_loading=&#8220;default&#8220; max_width=&#8220;100%&#8220; max_width_mobile=&#8220;default&#8220;][\/vc_column_inner][vc_column_inner column_padding=&#8220;no-extra-padding&#8220; column_padding_tablet=&#8220;inherit&#8220; column_padding_phone=&#8220;inherit&#8220; column_padding_position=&#8220;top-bottom&#8220; column_element_direction_desktop=&#8220;default&#8220; column_element_spacing=&#8220;default&#8220; desktop_text_alignment=&#8220;default&#8220; tablet_text_alignment=&#8220;default&#8220; phone_text_alignment=&#8220;default&#8220; background_color_opacity=&#8220;1&#8243; background_hover_color_opacity=&#8220;1&#8243; column_backdrop_filter=&#8220;none&#8220; column_shadow=&#8220;none&#8220; column_border_radius=&#8220;none&#8220; column_link_target=&#8220;_self&#8220; overflow=&#8220;visible&#8220; gradient_direction=&#8220;left_to_right&#8220; overlay_strength=&#8220;0.3&#8243; width=&#8220;1\/2&#8243; tablet_width_inherit=&#8220;default&#8220; animation_type=&#8220;default&#8220; enable_animation=&#8220;true&#8220; animation=&#8220;fade-in-from-bottom&#8220; animation_easing=&#8220;default&#8220; bg_image_animation=&#8220;none&#8220; border_type=&#8220;simple&#8220; column_border_width=&#8220;none&#8220; column_border_style=&#8220;solid&#8220; delay=&#8220;100&#8243; column_padding_type=&#8220;default&#8220; gradient_type=&#8220;default&#8220;][heading]\n<h2 style=\"text-align: center;\"><strong>Op.Dr.Tolgahan ALPAYDIN<\/strong><\/h2>\n[\/heading][vc_column_text css=&#8220;.vc_custom_1731485948018{padding-right: 10% !important;}&#8220; text_direction=&#8220;default&#8220;]W\u00e4hrend seiner etwa siebenj\u00e4hrigen Facharztausbildung in der Klinik f\u00fcr Plastische Chirurgie an der Ege Universit\u00e4t erhielt er eine umfassende Ausbildung in allen Bereichen der Plastischen und Rekonstruktiven Chirurgie. In dieser Zeit f\u00fchrte er eigenst\u00e4ndig Extremit\u00e4tenreplantationen und Rekonstruktionen im Bereich der Hand- und Mikrochirurgie durch. Zudem arbeitete er etwa zwei Jahre im &#8222;Hand- und Mikrochirurgie Krankenhaus&#8220;, wo er in diesen Fachbereichen t\u00e4tig war und Operationen begleitete. Diese Ausbildung setzte er in der Klinik f\u00fcr Plastische Chirurgie des Amerikanischen Krankenhauses in direkter Zusammenarbeit mit Dr. Ayan G\u00fclg\u00f6nen fort.<\/p>\n<p>Dank der ihm verliehenen Referenzen und seiner Arbeit erhielt er ein Stipendium in den Vereinigten Staaten und arbeitete als Fellow an der Cleveland Clinic Foundation. W\u00e4hrend seines Aufenthalts dort war er klinisch in den Bereichen Replantation und Transplantation t\u00e4tig und arbeitete experimentell mit Dr. Maria Siemionow an Ger\u00e4ten zur Erkennung von Isch\u00e4mie-Reperfusionssch\u00e4den.[\/vc_column_text][\/vc_column_inner][vc_column_inner column_padding=&#8220;no-extra-padding&#8220; column_padding_tablet=&#8220;inherit&#8220; column_padding_phone=&#8220;inherit&#8220; column_padding_position=&#8220;all&#8220; column_element_direction_desktop=&#8220;default&#8220; column_element_spacing=&#8220;default&#8220; desktop_text_alignment=&#8220;default&#8220; tablet_text_alignment=&#8220;default&#8220; phone_text_alignment=&#8220;default&#8220; background_color_opacity=&#8220;1&#8243; background_hover_color_opacity=&#8220;1&#8243; column_backdrop_filter=&#8220;none&#8220; column_shadow=&#8220;none&#8220; column_border_radius=&#8220;none&#8220; column_link_target=&#8220;_self&#8220; overflow=&#8220;visible&#8220; gradient_direction=&#8220;left_to_right&#8220; overlay_strength=&#8220;0.3&#8243; width=&#8220;1\/1&#8243; tablet_width_inherit=&#8220;default&#8220; animation_type=&#8220;default&#8220; bg_image_animation=&#8220;none&#8220; border_type=&#8220;simple&#8220; column_border_width=&#8220;none&#8220; column_border_style=&#8220;solid&#8220;][vc_column_text css=&#8220;.vc_custom_1731485996867{padding-right: 10% !important;}&#8220; text_direction=&#8220;default&#8220;]Ich habe auch als Fellow in der Abteilung f\u00fcr Kosmetische Chirurgie der Cleveland Clinic Foundation Plastic Surgery Klinik gearbeitet. Dort arbeitete ich aktiv mit dem Leiter der Abteilung f\u00fcr Kosmetische Chirurgie, Dr. J. Zinns, und habe insbesondere an Facelift-Operationen, Gesichtsverj\u00fcngung, allen Arten der \u00e4sthetischen Brustchirurgie, rekonstruktiver Brustchirurgie nach Krebs (TRAM, LD-Lappen), K\u00f6rperformung, ultraschallgest\u00fctzter Liposuktion, Liposuktion, \u00e4sthetischer und funktioneller Nasenchirurgie (Rhinoplastik), Sch\u00e4del- und Gesichtsformver\u00e4nderungen (kranio-faziale Chirurgie), Laserbehandlungen und verschiedenen rekonstruktiven und chirurgischen Eingriffen bei kongenitalen Anomalien gearbeitet. Heute arbeite ich aktiv in meiner eigenen Privatklinik, der \u0130zmir Estetik und Plastik Cerrahi Klini\u011fi, die auf \u00e4sthetische und rekonstruktive Chirurgie spezialisiert ist.<\/p>\n<p><strong>Ausbildung und Berufserfahrung<\/strong><\/p>\n<p>1977 \u2013 1982: Ankara Grundschule, Kar\u015f\u0131yaka, \u0130zmir<br \/>\n1982 \u2013 1985: Gazi Gymnasium, Kar\u015f\u0131yaka, \u0130zmir<br \/>\n1985 \u2013 1988: Atat\u00fcrk Gymnasium, Alsancak, \u0130zmir<br \/>\n1988 \u2013 1994, Juni: Ege Universit\u00e4t, Fakult\u00e4t f\u00fcr Medizin, Bornova, \u0130zmir<br \/>\n1995 \u2013 2001: Ege Universit\u00e4t, Fakult\u00e4t f\u00fcr Medizin, Klinik f\u00fcr Plastische und Rekonstruktive Chirurgie, Facharztausbildung<br \/>\nNovember 2001: Facharzt f\u00fcr Plastische und Rekonstruktive Chirurgie, Ege Universit\u00e4t, Fakult\u00e4t f\u00fcr Medizin<br \/>\nApril 2002 \u2013 2003: Vertragsarzt im Buca SSK Krankenhaus<br \/>\n2003 \u2013 : \u0130zmir Estetik Plastik Cerrahi Klinik<\/p>\n<p><strong>Berufliche Weiterbildung<\/strong><\/p>\n<p>1997 \u2013 1999: Hand- und Mikrochirurgie-Ausbildung, Private Hand- und Mikrochirurgie Klinik, Kahramanlar, \u0130zmir<br \/>\n1997: 1. Kosmetische Chirurgie Kurs der T\u00fcrkischen Gesellschaft f\u00fcr Plastische Chirurgie, Istanbul<br \/>\nJuli 1999: Arbeit in der Abteilung f\u00fcr Hand- und Mikrochirurgie der Amerikanischen Klinik f\u00fcr Plastische Chirurgie unter Dr. Ayan G\u00fclg\u00f6nen und Dr. T\u00fcrker \u00d6zkan, Istanbul<br \/>\n2000: Stipendium f\u00fcr Mikrochirurgie-Ausbildung als Fellow an der Cleveland Clinic Foundation Plastic Surgery Klinik unter Dr. Maria Siemionow, Cleveland, Ohio, USA<br \/>\n2000: Arbeit in der Abteilung f\u00fcr Kosmetische Chirurgie der Cleveland Clinic Foundation Plastic Surgery Klinik unter Dr. J. Zinns, Cleveland, Ohio, USA<br \/>\nNovember 2000: Fortgeschrittener Mikrochirurgie-Kurs der GATA (G\u00fclhane Milit\u00e4rmedizinische Fakult\u00e4t), Ankara[\/vc_column_text][\/vc_column_inner][\/vc_row_inner][\/tab][tab icon_family=&#8220;iconsmind&#8220; title=&#8220;Kongresse und Symposien&#8220; id=&#8220;1731485924081-0&#8243; icon_iconsmind=&#8220;iconsmind-Open-Book&#8220; tab_id=&#8220;1731485924081-10&#8243;][vc_row_inner column_margin=&#8220;default&#8220; column_direction=&#8220;default&#8220; column_direction_tablet=&#8220;default&#8220; column_direction_phone=&#8220;default&#8220; text_align=&#8220;left&#8220; row_position=&#8220;default&#8220; row_position_tablet=&#8220;inherit&#8220; row_position_phone=&#8220;inherit&#8220; overflow=&#8220;visible&#8220; pointer_events=&#8220;all&#8220;][vc_column_inner column_padding=&#8220;padding-3-percent&#8220; column_padding_tablet=&#8220;inherit&#8220; column_padding_phone=&#8220;inherit&#8220; column_padding_position=&#8220;top-bottom&#8220; column_element_direction_desktop=&#8220;default&#8220; column_element_spacing=&#8220;default&#8220; desktop_text_alignment=&#8220;default&#8220; tablet_text_alignment=&#8220;default&#8220; phone_text_alignment=&#8220;default&#8220; background_color_opacity=&#8220;1&#8243; background_hover_color_opacity=&#8220;1&#8243; column_backdrop_filter=&#8220;none&#8220; column_shadow=&#8220;none&#8220; column_border_radius=&#8220;none&#8220; column_link_target=&#8220;_self&#8220; overflow=&#8220;visible&#8220; gradient_direction=&#8220;left_to_right&#8220; overlay_strength=&#8220;0.3&#8243; width=&#8220;1\/1&#8243; tablet_width_inherit=&#8220;default&#8220; animation_type=&#8220;default&#8220; enable_animation=&#8220;true&#8220; animation=&#8220;fade-in-from-bottom&#8220; animation_easing=&#8220;default&#8220; bg_image_animation=&#8220;none&#8220; border_type=&#8220;simple&#8220; column_border_width=&#8220;none&#8220; column_border_style=&#8220;solid&#8220;][vc_column_text css=&#8220;.vc_custom_1731487983104{padding-right: 10% !important;}&#8220; text_direction=&#8220;default&#8220;]\n<ul>\n<li>1996: Neue Horizonte in der \u00c4sthetischen Chirurgie I, Internationales Symposium, Ankara<\/li>\n<li>2002: XVI. ISAPS (International Society of Aesthetic Plastic Surgery) Kongress, Istanbul<\/li>\n<li>2005: Aktuelle Fortschritte in der Rhinoplastik und Gesichtschirurgie, Istanbul<\/li>\n<li>2008: 12. Nationaler Kongress und Kurs zur K\u00f6rperformungschirurgie<br \/>\n2021: Erfahrene Einblicke in Brust- und K\u00f6rperkonturierung, Dallas, USA<\/li>\n<li>2022: Zweite Versch\u00f6nerungs-Endoskopische Gesichts- und Geschlossene Rhinoplastik, Istanbul<\/li>\n<li>2024: Breastanbul Konferenz 2024<\/li>\n<\/ul>\n[\/vc_column_text][\/vc_column_inner][\/vc_row_inner][\/tab][tab icon_family=&#8220;fontawesome&#8220; title=&#8220;Mitgliedschaften in Gesellschaften&#8220; id=&#8220;1731485924124-2&#8243; tab_id=&#8220;1731485924124-0&#8243; icon_fontawesome=&#8220;fa fa-id-card-o&#8220;][vc_column_text css=&#8220;&#8220; text_direction=&#8220;default&#8220;]\n<h3 style=\"text-align: center;\"><strong>Mitgliedschaften in Gesellschaften<\/strong><\/h3>\n[\/vc_column_text][image_with_animation image_url=&#8220;507&#8243; image_size=&#8220;custom&#8220; animation_type=&#8220;entrance&#8220; animation=&#8220;None&#8220; animation_movement_type=&#8220;transform_y&#8220; hover_animation=&#8220;none&#8220; alignment=&#8220;&#8220; border_radius=&#8220;none&#8220; box_shadow=&#8220;none&#8220; image_loading=&#8220;default&#8220; max_width=&#8220;100%&#8220; max_width_mobile=&#8220;default&#8220; display_title=&#8220;1&#8243; custom_image_size=&#8220;500px&#8220; screen_reader_text=&#8220;testetete&#8220; el_class=&#8220;hakkimda-img&#8220;][image_with_animation image_url=&#8220;536&#8243; image_size=&#8220;custom&#8220; animation_type=&#8220;entrance&#8220; animation=&#8220;None&#8220; animation_movement_type=&#8220;transform_y&#8220; hover_animation=&#8220;none&#8220; alignment=&#8220;&#8220; border_radius=&#8220;none&#8220; box_shadow=&#8220;none&#8220; image_loading=&#8220;default&#8220; max_width=&#8220;100%&#8220; max_width_mobile=&#8220;default&#8220; display_title=&#8220;1&#8243; custom_sizes_attr=&#8220;500px&#8220; custom_image_size=&#8220;400px&#8220; el_class=&#8220;hakkimda-img2&#8243;][image_with_animation image_url=&#8220;505&#8243; image_size=&#8220;full&#8220; animation_type=&#8220;entrance&#8220; animation=&#8220;None&#8220; animation_movement_type=&#8220;transform_y&#8220; hover_animation=&#8220;none&#8220; alignment=&#8220;&#8220; border_radius=&#8220;none&#8220; box_shadow=&#8220;none&#8220; image_loading=&#8220;default&#8220; max_width=&#8220;100%&#8220; max_width_mobile=&#8220;default&#8220; display_title=&#8220;1&#8243; screen_reader_text=&#8220;tetetest&#8220;][\/tab][\/tabbed_section][\/vc_column][\/vc_row]\n","protected":false},"excerpt":{"rendered":"<p>[vc_row type=&#8220;full_width_background&#8220; full_screen_row_position=&#8220;middle&#8220; column_margin=&#8220;default&#8220; column_direction=&#8220;default&#8220; column_direction_tablet=&#8220;default&#8220; column_direction_phone=&#8220;default&#8220; bg_color=&#8220;#ffffff&#8220; scene_position=&#8220;center&#8220; top_padding=&#8220;6%&#8220; bottom_padding=&#8220;6%&#8220; text_color=&#8220;dark&#8220; text_align=&#8220;left&#8220; row_border_radius=&#8220;none&#8220; row_border_radius_applies=&#8220;bg&#8220; overflow=&#8220;visible&#8220; overlay_strength=&#8220;0.3&#8243; gradient_direction=&#8220;left_to_right&#8220; shape_divider_position=&#8220;bottom&#8220; bg_image_animation=&#8220;none&#8220; shape_type=&#8220;&#8220;][vc_column column_padding=&#8220;no-extra-padding&#8220; column_padding_tablet=&#8220;inherit&#8220; column_padding_phone=&#8220;inherit&#8220; column_padding_position=&#8220;all&#8220; column_element_direction_desktop=&#8220;default&#8220; column_element_spacing=&#8220;default&#8220; desktop_text_alignment=&#8220;default&#8220; tablet_text_alignment=&#8220;default&#8220; phone_text_alignment=&#8220;default&#8220;&#8230;<\/p>\n","protected":false},"author":1,"featured_media":0,"parent":0,"menu_order":0,"comment_status":"closed","ping_status":"closed","template":"","meta":{"footnotes":""},"class_list":["post-1061","page","type-page","status-publish"],"_links":{"self":[{"href":"https:\/\/www.izmirestetik.com\/de\/wp-json\/wp\/v2\/pages\/1061","targetHints":{"allow":["GET"]}}],"collection":[{"href":"https:\/\/www.izmirestetik.com\/de\/wp-json\/wp\/v2\/pages"}],"about":[{"href":"https:\/\/www.izmirestetik.com\/de\/wp-json\/wp\/v2\/types\/page"}],"author":[{"embeddable":true,"href":"https:\/\/www.izmirestetik.com\/de\/wp-json\/wp\/v2\/users\/1"}],"replies":[{"embeddable":true,"href":"https:\/\/www.izmirestetik.com\/de\/wp-json\/wp\/v2\/comments?post=1061"}],"version-history":[{"count":2,"href":"https:\/\/www.izmirestetik.com\/de\/wp-json\/wp\/v2\/pages\/1061\/revisions"}],"predecessor-version":[{"id":1111,"href":"https:\/\/www.izmirestetik.com\/de\/wp-json\/wp\/v2\/pages\/1061\/revisions\/1111"}],"wp:attachment":[{"href":"https:\/\/www.izmirestetik.com\/de\/wp-json\/wp\/v2\/media?parent=1061"}],"curies":[{"name":"wp","href":"https:\/\/api.w.org\/{rel}","templated":true}]}}