{"id":1056,"date":"2024-10-01T12:43:07","date_gmt":"2024-10-01T12:43:07","guid":{"rendered":"https:\/\/www.izmirestetik.com\/internet-duyurusu-kisisel-verilerin-korunmasi-hakkinda-bilgilendirme\/"},"modified":"2024-10-01T12:43:07","modified_gmt":"2024-10-01T12:43:07","slug":"internet-duyurusu-kisisel-verilerin-korunmasi-hakkinda-bilgilendirme","status":"publish","type":"page","link":"https:\/\/www.izmirestetik.com\/en\/internet-duyurusu-kisisel-verilerin-korunmasi-hakkinda-bilgilendirme\/","title":{"rendered":"I\u0307nternet Duyurusu Kis\u0327isel Verilerin Korunmas\u0131 Hakk\u0131nda Bilgilendirme"},"content":{"rendered":"<p><strong>Op.Dr. Tolgahan Alpayd\u0131n<\/strong><\/p>\n<p><strong>Ki\u015fisel Verilerin Korunmas\u0131 Hakk\u0131nda Bilgilendirme<\/strong><\/p>\n<p>Op. Dr. Tolgahan Alpayd\u0131n\u00a0 Klini\u011fi \u00a0olarak, ki\u015fisel verilerinizin g\u00fcvenli\u011fine b\u00fcy\u00fck \u00f6nem vermekteyiz.<\/p>\n<p>Hastalar\u0131m\u0131z taraf\u0131ndan payla\u015f\u0131lan her t\u00fcrl\u00fc ki\u015fisel veriyi hasta mahremiyetine \u00f6zen g\u00f6sterecek \u015fekilde ve ki\u015fisel verilerinize ili\u015fkin uygun g\u00fcvenlik d\u00fczeyini temin etmeye y\u00f6nelik gerekli her t\u00fcrl\u00fc teknik ve idari tedbiri alacak \u015fekilde muhafaza etmekteyiz.<\/p>\n<p>\u0130\u015fbu Ki\u015fisel Verilerin Korunmas\u0131 Hakk\u0131nda Bilgilendirme, ki\u015fisel veri koruma ve i\u015fleme politikam\u0131z\u0131 ve Kl\u0131ni\u011fimiz\u00a0 taraf\u0131ndan ifa edilen hizmetler s\u0131ras\u0131nda ki\u015fisel verilerinizi nas\u0131l toplad\u0131\u011f\u0131m\u0131z, aktard\u0131\u011f\u0131m\u0131z, kulland\u0131\u011f\u0131m\u0131z ve korudu\u011fumuzu a\u00e7\u0131klamaktad\u0131r.<\/p>\n<p><strong>1. Klini\u011fimiz \u00a0Taraf\u0131ndan Toplanan Ki\u015fisel Veriler<\/strong><\/p>\n<p>Hastalar\u0131m\u0131zdan, sa\u011flad\u0131\u011f\u0131m\u0131z sa\u011fl\u0131k hizmetleri \u00e7er\u00e7evesinde \u00e7e\u015fitli bilgiler toplamaktay\u0131z. S\u00f6z konusu bilgiler, her \u015fartta 6698 say\u0131l\u0131 Ki\u015fisel Verilerin Korunmas\u0131 Kanunu\u2019nda (\u201cKVKK\u201d) yer alan veri i\u015fleme ilke ve \u015fartlar\u0131na uygun olarak toplanmaktad\u0131r. Sizlerden a\u015fa\u011f\u0131da 2. B\u00f6l\u00fcm\u2019de a\u00e7\u0131klanan ama\u00e7lar kapsam\u0131nda toplad\u0131\u011f\u0131m\u0131z bilgiler aras\u0131nda a\u015fa\u011f\u0131dakiler yer alabilir:<\/p>\n<p>Ad\u0131n\u0131z soyad\u0131n\u0131z,<\/p>\n<p>T.C. Kimlik bilgileriniz, T.C. kimlik numaran\u0131z, pasaport numaran\u0131z,<\/p>\n<p>Do\u011fum yeriniz ve tarihiniz,<\/p>\n<p>Cinsiyetiniz,<\/p>\n<p>Adresiniz,<\/p>\n<p>Telefon numaran\u0131z,<\/p>\n<p>E-posta adresiniz,<\/p>\n<p>Size \u00f6zg\u00fclenen hasta protokol numaran\u0131z,<\/p>\n<p>\u00d6deme, fatura bilgileri gibi finansal bilgileriniz,<\/p>\n<p>\u00d6zel sa\u011fl\u0131k sigortas\u0131 ve Sosyal G\u00fcvenlik Kurumu bilgileriniz,<\/p>\n<p>Sosyal G\u00fcvenlik Kurumu kapsam\u0131nda finanse edilen hizmetler kapsam\u0131nda biyometrik verileriniz,<\/p>\n<p>Genel olarak biyometrik ve genetik verileriniz,<\/p>\n<p>Laboratuvar sonu\u00e7lar\u0131n\u0131z,<\/p>\n<p>Test, tahlil ve tetkik sonu\u00e7lar\u0131n\u0131z,<\/p>\n<p>Muayene verileriniz, randevu bilgileriniz,<\/p>\n<p>Check-up bilgileriniz,<\/p>\n<p>Re\u00e7ete bilgileriniz ve bunlarla s\u0131n\u0131rl\u0131 olmamak \u00fczere sa\u011fl\u0131k verileriniz, cinsel hayata ili\u015fkin\u00a0 ki\u015fisel verileriniz<\/p>\n<p>Posta, telefon, faks, e-posta ve sair kanalar ile bize ula\u015ft\u0131\u011f\u0131n\u0131z taktirde payla\u015ft\u0131\u011f\u0131n\u0131z di\u011fer verileriniz.<\/p>\n<p><strong>2. Ki\u015fisel Verilerinizin \u0130\u015flenme Ama\u00e7lar\u0131<\/strong><\/p>\n<p>Bizden almakta oldu\u011funuz hizmetler kapsam\u0131nda toplad\u0131\u011f\u0131m\u0131z ki\u015fisel veriler, a\u015fa\u011f\u0131dakilerin de aras\u0131nda yer ald\u0131\u011f\u0131 \u00e7e\u015fitli ama\u00e7lar dahilinde i\u015flenmektedir:<\/p>\n<p>a. 3359 say\u0131l\u0131 Sa\u011fl\u0131k Hizmetleri Temel Kanunu, 663 say\u0131l\u0131 Sa\u011fl\u0131k Bakanl\u0131\u011f\u0131 ve Ba\u011fl\u0131 Kurulu\u015flar\u0131n\u0131n Te\u015fkilat ve G\u00f6revleri Hakk\u0131nda Kanun H\u00fckm\u00fcnde Kararname, Ayakta Te\u015fhis Ve Tedavi Yap\u0131lan \u00d6zel Sa\u011fl\u0131k Kurulu\u015flar\u0131 Hakk\u0131nda Y\u00f6netmelik, Ki\u015fisel Sa\u011fl\u0131k Verilerinin \u0130\u015flenmesi ve Mahremiyetinin Sa\u011flanmas\u0131 Hakk\u0131nda Y\u00f6netmelik ve ilgili di\u011fer d\u00fczenlemelerde yer alan hukuki y\u00fck\u00fcml\u00fcl\u00fcklerimizi yerine getirme;<\/p>\n<p>b. Kamu sa\u011fl\u0131\u011f\u0131n\u0131n korunmas\u0131, koruyucu hekimlik, t\u0131bb\u00ee te\u015fhis, tedavi ve bak\u0131m hizmetlerinin y\u00fcr\u00fct\u00fclmesi, sa\u011fl\u0131k hizmetleri ile finansman\u0131n\u0131n planlanmas\u0131 ve y\u00f6netimi;<\/p>\n<p>c. Randevu ald\u0131\u011f\u0131n\u0131 takdirde randevunuza ili\u015fkin size bilgi sa\u011flama;<\/p>\n<p>d. Klini\u011fimizin \u00a0i\u00e7 i\u015fleyi\u015fini planlanma ve y\u00f6netme,<\/p>\n<p>e. Hizmetlerimizi geli\u015ftirmek amac\u0131yla analiz yapma;<\/p>\n<p>f.\u00a0 Faturaland\u0131rma yap\u0131lmas\u0131;<\/p>\n<p>g. Kimli\u011finizin do\u011frulanmas\u0131;<\/p>\n<p>h. Anla\u015fmal\u0131 kurumlarla ili\u015fkinizin do\u011frulanmas\u0131;<\/p>\n<p>i. Uygulanan mevzuat uyar\u0131nca Sa\u011fl\u0131k Bakanl\u0131\u011f\u0131 ve di\u011fer kamu kurum ve kurulu\u015flar\u0131n\u0131n taleplerine yan\u0131t verme;<\/p>\n<p>j. Hizmetlerimize ili\u015fkin soru veya \u015fikayetlerinize yan\u0131t verme;<\/p>\n<p>k.Sundu\u011fumuz hizmetlerin geli\u015ftirilmesi amac\u0131yla sa\u011fl\u0131k hizmetleri kullan\u0131m\u0131n\u0131z\u0131 analiz etme;<\/p>\n<p>l. Muayenehanenin i\u00e7 politika ve prensiplerine uyum sa\u011flama;<\/p>\n<p>m. Sa\u011fl\u0131k hizmetleri alman\u0131z\u0131 takiben hasta memnuniyetinin \u00f6l\u00e7\u00fclmesi ve hasta memnuniyetinin art\u0131r\u0131lmas\u0131;<\/p>\n<p>n. Hizmetlerimize ili\u015fkin olarak bilgilendirme amac\u0131yla sizinle ileti\u015fime ge\u00e7ilmesi;<\/p>\n<p>o. \u0130la\u00e7 veya t\u0131bbi cihaz temini ve benzeri ama\u00e7lar<\/p>\n<p>Bununla birlikte, ki\u015fisel verileriniz yukar\u0131da say\u0131lan faaliyetler ve ilgili mevzuat\u0131n gerektirdi\u011fi haller haricinde hi\u00e7bir \u015fekilde ticari bir ama\u00e7la kullan\u0131lmayacakt\u0131r.<\/p>\n<p><strong>3. Ki\u015fisel Verilerinizin Aktar\u0131labilece\u011fi Ki\u015fi ve Kurulu\u015flar<\/strong><\/p>\n<p>KVKK ve ilgili sa\u011fl\u0131k mevzuat\u0131 uyar\u0131nca uygun g\u00fcvenlik d\u00fczeyini temin etmeye y\u00f6nelik gerekli her t\u00fcrl\u00fc teknik ve idari tedbirlerin al\u0131nmas\u0131n\u0131 sa\u011flayarak, ki\u015fisel verilerinizi yukar\u0131da B\u00f6l\u00fcm 2\u2019de yer alan ama\u00e7lar do\u011frultusunda; 3359 say\u0131l\u0131 Sa\u011fl\u0131k Hizmetleri Temel Kanunu, 663 say\u0131l\u0131 Sa\u011fl\u0131k Bakanl\u0131\u011f\u0131 ve Ba\u011fl\u0131 Kurulu\u015flar\u0131n\u0131n Te\u015fkilat ve G\u00f6revleri Hakk\u0131nda Kanun H\u00fckm\u00fcnde Kararname, Ayakta Te\u015fhis Ve Tedavi Yap\u0131lan \u00d6zel Sa\u011fl\u0131k Kurulu\u015flar\u0131 Hakk\u0131nda Y\u00f6netmelik, Ki\u015fisel Sa\u011fl\u0131k Verilerinin \u0130\u015flenmesi ve Mahremiyetinin Sa\u011flanmas\u0131 Hakk\u0131nda Y\u00f6netmelik ve ilgili di\u011fer mevzuat h\u00fck\u00fcmlerinin izin verdi\u011fi kurum veya kurulu\u015flar; \u00f6zel sigorta \u015firketleri; Sa\u011fl\u0131k Bakanl\u0131\u011f\u0131 ve ba\u011fl\u0131 alt birimleri, Sosyal G\u00fcvenlik Kurumu, Emniyet Genel M\u00fcd\u00fcrl\u00fc\u011f\u00fc ve sair kolluk kuvvetleri, N\u00fcfus Genel M\u00fcd\u00fcrl\u00fc\u011f\u00fc, T\u00fcrkiye Eczac\u0131lar Birli\u011fi, Mahkemeler ve her t\u00fcrl\u00fc yarg\u0131 makam\u0131, merkezi ve sair \u00fc\u00e7\u00fcnc\u00fc ki\u015filer, yetki vermi\u015f oldu\u011funuz temsilcileriniz, konuya ili\u015fkin vekalet verdi\u011finiz avukatlar, vergi ve finans dan\u0131\u015fmanlar\u0131 ve denet\u00e7iler de d\u00e2hil olmak \u00fczere dan\u0131\u015fmanl\u0131k ald\u0131\u011f\u0131m\u0131z \u00fc\u00e7\u00fcnc\u00fc ki\u015filer, d\u00fczenleyici ve denetleyici kurumlar, resmi merciler d\u00e2hil sa\u011fl\u0131k hizmetlerini yukar\u0131da belirtilen ama\u00e7larla geli\u015ftirmek veya y\u00fcr\u00fctmek \u00fczere i\u015fbirli\u011fi yapt\u0131\u011f\u0131m\u0131z i\u015f ortaklar\u0131m\u0131z ve di\u011fer \u00fc\u00e7\u00fcnc\u00fc ki\u015filer ile Kanun\u2019un 8. ve 9. maddelerinde belirtilen ki\u015fisel veri aktar\u0131m \u015fartlar\u0131 ve denet\u00e7iler; dan\u0131\u015fmanlar; i\u015f ortaklar\u0131; faaliyetlerimizi y\u00fcr\u00fctmek \u00fczere s\u00f6zle\u015fmesel olarak hizmet ald\u0131\u011f\u0131m\u0131z, i\u015fbirli\u011fi yapt\u0131\u011f\u0131m\u0131z, yurt i\u00e7i\/yurt d\u0131\u015f\u0131 kurulu\u015flar ve di\u011fer \u00fc\u00e7\u00fcnc\u00fc ki\u015filere aktarabiliriz.<\/p>\n<p><strong>4. Ki\u015fisel Veri Toplaman\u0131n Y\u00f6ntemi ve Hukuki Sebebi<\/strong><\/p>\n<p>Ki\u015fisel verileriniz, her t\u00fcrl\u00fc s\u00f6zl\u00fc, yaz\u0131l\u0131 ya da elektronik ortamda, yukar\u0131da yer verilen ama\u00e7lar kapsam\u0131nda, Klini\u011fimizin \u00a0s\u00f6zle\u015fmesel ve kanuni y\u00fck\u00fcml\u00fcl\u00fcklerini yerine getirebilmesi amac\u0131yla toplan\u0131r.<\/p>\n<p><strong>Ki\u015fisel verileriniz;<\/strong><\/p>\n<p>Elden, elektronik postayla, postayla, faks ile sosyal medya hesaplar\u0131 arac\u0131l\u0131\u011f\u0131 ile, y\u00fcz y\u00fcze yap\u0131lan g\u00f6r\u00fc\u015fmeler, telefon-telekonferans-video konferans y\u00f6ntemleri ile yap\u0131lan g\u00f6r\u00fc\u015fmeler s\u0131ras\u0131nda edinilen bilgiler ile toplanmakta ve i\u015flenmektedir.<\/p>\n<p>Ki\u015fisel verileriniz; 6698 Say\u0131l\u0131 Kanun\u2019un 5. Ve 6. Maddelerinde yer alan a\u015fa\u011f\u0131daki hukuki sebeplerle i\u015flenmektedir;<\/p>\n<p>A\u00e7\u0131k r\u0131zan\u0131z\u0131n bulunmas\u0131,<\/p>\n<p>ii.Kanunlarda a\u00e7\u0131k\u00e7a \u00f6ng\u00f6r\u00fclmesi,<\/p>\n<p>iii.Fiili imk\u00e2ns\u0131zl\u0131k nedeniyle r\u0131zan\u0131z\u0131 a\u00e7\u0131klayamayacak durumda olman\u0131z halinde veya r\u0131zan\u0131za hukuki ge\u00e7erlilik tan\u0131nmayan sizin yahut bir ba\u015fkas\u0131n\u0131n hayat veya beden b\u00fct\u00fcnl\u00fc\u011f\u00fcn\u00fcn korunmas\u0131 i\u00e7in zorunlu olmas\u0131,<\/p>\n<p>iv.Bir s\u00f6zle\u015fmenin kurulmas\u0131 veya ifas\u0131yla ilgili olarak ki\u015fisel veri i\u015flenmesi,<\/p>\n<p>v.Hukuki y\u00fck\u00fcml\u00fcl\u00fcklerimizin yerine getirilebilmesi i\u00e7in zorunlu olmas\u0131,<\/p>\n<p>vi.\u0130lgili ki\u015finin kendisi taraf\u0131ndan alenile\u015ftirilmi\u015f olmas\u0131,<\/p>\n<p>vii.Bir hakk\u0131n tesisi, kullan\u0131lmas\u0131 veya korunmas\u0131 i\u00e7in veri i\u015flemenin zorunlu olmas\u0131, ve<\/p>\n<p>viii.Sizlerin temel hak ve \u00f6zg\u00fcrl\u00fcklerine zarar vermemek kayd\u0131yla, me\u015fru menfaatlerimiz i\u00e7in zorunlu olmas\u0131,<\/p>\n<p>ix.Sa\u011fl\u0131k ve cinsel hayata ili\u015fkin ki\u015fisel veriler ise ancak kamu sa\u011fl\u0131\u011f\u0131n\u0131n korunmas\u0131, koruyucu hekimlik, t\u0131bb\u00ee te\u015fhis, tedavi ve bak\u0131m hizmetlerinin y\u00fcr\u00fct\u00fclmesi, sa\u011fl\u0131k hizmetleri ile finansman\u0131n\u0131n planlanmas\u0131 ve y\u00f6netimi amac\u0131yla, s\u0131r saklama y\u00fck\u00fcml\u00fcl\u00fc\u011f\u00fc alt\u0131nda bulunan ki\u015filer veya yetkili kurum ve kurulu\u015flar taraf\u0131ndan i\u015flenmesi.<\/p>\n<p><strong>5. Ki\u015fisel Verilerinize \u0130li\u015fkin Haklar\u0131n\u0131z<\/strong><\/p>\n<p>Ki\u015fisel verilerinizin Klini\u011finiz \u00a0taraf\u0131ndan veri sorumlusu s\u0131fat\u0131 ile i\u015flendi\u011fi \u00f6l\u00e7\u00fcde KVKK\u2019n\u0131n 11. maddesi gere\u011fi haklar\u0131n\u0131z a\u015fa\u011f\u0131daki gibidir;<\/p>\n<p>a) Herhangi bir ki\u015fisel verinizin i\u015flenip i\u015flenmedi\u011fini \u00f6\u011frenme;<\/p>\n<p>b) Ki\u015fisel verilerinizin i\u015flenme faaliyetlerine ili\u015fkin olarak bilgi talep etme;<\/p>\n<p>c) Ki\u015fisel verilerinizin i\u015flenme ama\u00e7lar\u0131n\u0131 \u00f6\u011frenme;<\/p>\n<p>d) Ki\u015fisel verilerin yurt i\u00e7inde veya yurt d\u0131\u015f\u0131nda \u00fc\u00e7\u00fcnc\u00fc ki\u015filere aktar\u0131lm\u0131\u015f olmas\u0131 durumunda bu ki\u015fileri \u00f6\u011frenme;<\/p>\n<p>e) Ki\u015fisel verilerin eksik veya yanl\u0131\u015f i\u015flenmi\u015f olmas\u0131 halinde bunlar\u0131n d\u00fczeltilmesini isteme;<\/p>\n<p>f) Ki\u015fisel verilerin i\u015flenmesini gerektiren sebeplerin ortadan kalkmas\u0131 veya Klini\u011fin \u00a0s\u00f6z konusu verileri i\u015fleyebilmek i\u00e7in hukuki dayana\u011f\u0131 veya me\u015fru menfaatinin bulunmamas\u0131 halinde ki\u015fisel verilerin silinmesini veya yok edilmesini isteme;<\/p>\n<p>g) Ki\u015fisel verilerin otomatik sistemler vas\u0131tas\u0131yla i\u015flenmesi sonucu ortaya \u00e7\u0131kabilecek aleyhte sonu\u00e7lara itiraz etme ve;<\/p>\n<p>h) Ki\u015fisel verilerinizin kanuna ayk\u0131r\u0131 bir \u015fekilde i\u015flenmesi sebebiyle zarara u\u011framan\u0131z halinde bu zarar\u0131n tazmin edilmesini isteme hakk\u0131na sahipsiniz.<\/p>\n<p>KVKK 13. maddesinin 1. f\u0131kras\u0131 gere\u011fince, yukar\u0131da belirtilen haklar\u0131n\u0131z\u0131 kullanmak ile ilgili talebinizi, yaz\u0131l\u0131 veya Ki\u015fisel Verileri Koruma Kurulu\u2019nun belirledi\u011fi di\u011fer y\u00f6ntemlerle Klini\u011fe \u00a0iletebilirsiniz. Ki\u015fisel Verileri Koruma Kurulu, \u015fu a\u015famada herhangi bir y\u00f6ntem belirlemedi\u011fi i\u00e7in, ba\u015fvurunuzu, KVKK gere\u011fince, yaz\u0131l\u0131 olarak iletmeniz gerekmektedir. Bu \u00e7er\u00e7evede KVKK\u2019n\u0131n 11. maddesi kapsam\u0131nda yapaca\u011f\u0131n\u0131z ba\u015fvurularda yaz\u0131l\u0131 olarak ba\u015fvurunuzu iletece\u011finiz kanallar ve usuller a\u015fa\u011f\u0131da a\u00e7\u0131klanmaktad\u0131r.<\/p>\n<p>Yukar\u0131da belirtilen haklar\u0131n\u0131z\u0131 kullanmak i\u00e7in kimli\u011finizi tespit edici gerekli bilgiler ile KVKK\u2019n\u0131n 11. maddesinde belirtilen haklardan kullanmay\u0131 talep etti\u011finiz hakk\u0131n\u0131za y\u00f6nelik a\u00e7\u0131klamalar\u0131n\u0131z\u0131 i\u00e7eren talebinizi \u00a0: https:\/\/www.izmirestetik.com \u00a0adresindeki formu doldurarak, formun imzal\u0131 bir n\u00fcshas\u0131n\u0131 Talatpa\u015fa Bulvar\u0131 No: 17 Yayger Apartman\u0131 Kat 3 Daire 6 \u2013 Alsancak \/ \u0130ZM\u0130R adresine kimli\u011finizi tespit edici belgeler ile bizzat elden iletebilir, noter kanal\u0131yla veya KVK Kanunu\u2019nda belirtilen di\u011fer y\u00f6ntemler ile g\u00f6nderebilir, ilgili formu kay\u0131tl\u0131 elektronik posta adresinizden; g\u00fcvenli elektronik imzan\u0131z ya da mobil imzan\u0131z \u2026\u2026kep adresine ya da var ise daha \u00f6ncesinde \u00a0Klini\u011fe \u00a0bildirdi\u011finiz ve Klini\u011fimizin \u00a0sistemlerinde kay\u0131tl\u0131 olan mail adresiniz kanal\u0131 ile\u00a0<a href=\"mailto:info@izmirestetik.com\">info@izmirestetik.com<\/a>\u00a0adresine mail yolu ile iletebilirsiniz.<\/p>\n<p>Klini\u011fin , talebin niteli\u011fine g\u00f6re talebi en k\u0131sa s\u00fcrede ve en ge\u00e7 otuz g\u00fcn i\u00e7inde \u00fccretsiz olarak sonu\u00e7land\u0131racakt\u0131r. Ancak, i\u015flemin ayr\u0131ca bir maliyeti gerektirmesi h\u00e2linde, Muayenehane taraf\u0131ndan Ki\u015fisel Verileri Koruma Kurulunca belirlenen tarifedeki \u00fccret al\u0131nacakt\u0131r.<\/p>\n","protected":false},"excerpt":{"rendered":"<p>Op.Dr. Tolgahan Alpayd\u0131n Ki\u015fisel Verilerin Korunmas\u0131 Hakk\u0131nda Bilgilendirme Op. Dr. Tolgahan Alpayd\u0131n\u00a0 Klini\u011fi \u00a0olarak, ki\u015fisel verilerinizin g\u00fcvenli\u011fine b\u00fcy\u00fck \u00f6nem vermekteyiz. Hastalar\u0131m\u0131z taraf\u0131ndan payla\u015f\u0131lan her t\u00fcrl\u00fc ki\u015fisel veriyi hasta mahremiyetine \u00f6zen&#8230;<\/p>\n","protected":false},"author":1,"featured_media":0,"parent":0,"menu_order":0,"comment_status":"closed","ping_status":"closed","template":"","meta":{"footnotes":""},"class_list":["post-1056","page","type-page","status-publish"],"_links":{"self":[{"href":"https:\/\/www.izmirestetik.com\/en\/wp-json\/wp\/v2\/pages\/1056","targetHints":{"allow":["GET"]}}],"collection":[{"href":"https:\/\/www.izmirestetik.com\/en\/wp-json\/wp\/v2\/pages"}],"about":[{"href":"https:\/\/www.izmirestetik.com\/en\/wp-json\/wp\/v2\/types\/page"}],"author":[{"embeddable":true,"href":"https:\/\/www.izmirestetik.com\/en\/wp-json\/wp\/v2\/users\/1"}],"replies":[{"embeddable":true,"href":"https:\/\/www.izmirestetik.com\/en\/wp-json\/wp\/v2\/comments?post=1056"}],"version-history":[{"count":0,"href":"https:\/\/www.izmirestetik.com\/en\/wp-json\/wp\/v2\/pages\/1056\/revisions"}],"wp:attachment":[{"href":"https:\/\/www.izmirestetik.com\/en\/wp-json\/wp\/v2\/media?parent=1056"}],"curies":[{"name":"wp","href":"https:\/\/api.w.org\/{rel}","templated":true}]}}